{"id":3511,"date":"2026-01-06T20:41:37","date_gmt":"2026-01-06T19:41:37","guid":{"rendered":"https:\/\/kibastc.cluster021.hosting.ovh.net\/tdlf\/?page_id=3511"},"modified":"2026-01-14T20:42:18","modified_gmt":"2026-01-14T20:42:18","slug":"confidentialite","status":"publish","type":"page","link":"https:\/\/traildelafraise.fr\/index.php\/confidentialite\/","title":{"rendered":"Confidentialite"},"content":{"rendered":"\t\t<div data-elementor-type=\"wp-page\" data-elementor-id=\"3511\" class=\"elementor elementor-3511\">\n\t\t\t\t<div class=\"elementor-element elementor-element-a8cbc9c e-flex e-con-boxed e-con e-parent\" data-id=\"a8cbc9c\" data-element_type=\"container\" data-settings=\"{&quot;background_background&quot;:&quot;classic&quot;}\">\n\t\t\t\t\t<div class=\"e-con-inner\">\n\t\t<div class=\"elementor-element elementor-element-d895907 e-grid e-con-full e-con e-child\" data-id=\"d895907\" data-element_type=\"container\">\n\t\t\t\t<div class=\"elementor-element elementor-element-0b0b3ac elementor-widget elementor-widget-image\" data-id=\"0b0b3ac\" data-element_type=\"widget\" data-widget_type=\"image.default\">\n\t\t\t\t\t\t\t\t\t\t\t\t\t\t\t<img decoding=\"async\" width=\"196\" height=\"196\" src=\"https:\/\/traildelafraise.fr\/wp-content\/uploads\/2025\/11\/tdlf-logo-150x150.png\" class=\"attachment-full size-full wp-image-1168\" alt=\"Trail de la Fraise\" srcset=\"https:\/\/traildelafraise.fr\/wp-content\/uploads\/2025\/11\/tdlf-logo.png 196w, https:\/\/traildelafraise.fr\/wp-content\/uploads\/2025\/11\/tdlf-logo-150x150.png 150w\" sizes=\"(max-width: 196px) 100vw, 196px\" \/>\t\t\t\t\t\t\t\t\t\t\t\t\t\t\t<\/div>\n\t\t\t\t<div class=\"elementor-element elementor-element-198e33a elementor-align-right elementor-widget elementor-widget-button\" data-id=\"198e33a\" data-element_type=\"widget\" data-widget_type=\"button.default\">\n\t\t\t\t\t\t\t\t\t\t<a class=\"elementor-button elementor-button-link elementor-size-sm\" href=\"https:\/\/traildelafraise.fr\">\n\t\t\t\t\t\t<span class=\"elementor-button-content-wrapper\">\n\t\t\t\t\t\t\t\t\t<span class=\"elementor-button-text\">Retour<\/span>\n\t\t\t\t\t<\/span>\n\t\t\t\t\t<\/a>\n\t\t\t\t\t\t\t\t<\/div>\n\t\t\t\t<\/div>\n\t\t\t\t\t<\/div>\n\t\t\t\t<\/div>\n\t\t<div class=\"elementor-element elementor-element-f3b388a e-flex e-con-boxed e-con e-parent\" data-id=\"f3b388a\" data-element_type=\"container\" data-settings=\"{&quot;background_background&quot;:&quot;classic&quot;}\">\n\t\t\t\t\t<div class=\"e-con-inner\">\n\t\t\t\t<div class=\"elementor-element elementor-element-e1e632d elementor-widget__width-initial eael-dual-header-content-align-center elementor-widget elementor-widget-eael-dual-color-header\" data-id=\"e1e632d\" data-element_type=\"widget\" data-widget_type=\"eael-dual-color-header.default\">\n\t\t\t\t\t\t\t\t<div class=\"eael-dual-header\">\n\t\t\t\t\t\t\t\t\t<span class=\"eael-dch-svg-icon\"><svg aria-hidden=\"true\" class=\"e-font-icon-svg e-fas-balance-scale\" viewBox=\"0 0 640 512\" xmlns=\"http:\/\/www.w3.org\/2000\/svg\"><path d=\"M256 336h-.02c0-16.18 1.34-8.73-85.05-181.51-17.65-35.29-68.19-35.36-85.87 0C-2.06 328.75.02 320.33.02 336H0c0 44.18 57.31 80 128 80s128-35.82 128-80zM128 176l72 144H56l72-144zm511.98 160c0-16.18 1.34-8.73-85.05-181.51-17.65-35.29-68.19-35.36-85.87 0-87.12 174.26-85.04 165.84-85.04 181.51H384c0 44.18 57.31 80 128 80s128-35.82 128-80h-.02zM440 320l72-144 72 144H440zm88 128H352V153.25c23.51-10.29 41.16-31.48 46.39-57.25H528c8.84 0 16-7.16 16-16V48c0-8.84-7.16-16-16-16H383.64C369.04 12.68 346.09 0 320 0s-49.04 12.68-63.64 32H112c-8.84 0-16 7.16-16 16v32c0 8.84 7.16 16 16 16h129.61c5.23 25.76 22.87 46.96 46.39 57.25V448H112c-8.84 0-16 7.16-16 16v32c0 8.84 7.16 16 16 16h416c8.84 0 16-7.16 16-16v-32c0-8.84-7.16-16-16-16z\"><\/path><\/svg><\/span>\t\t\t\t\t\t\t\t<h2 class=\"title eael-dch-title\"><span class=\"eael-dch-title-text eael-dch-title-lead lead solid-color\">Politique de confidentialit\u00e9 \u2013 Trail de la Fraise<\/span> <span class=\"eael-dch-title-text\"><\/span><\/h2>\t\t\t\t<span class=\"subtext\"><\/span>\n\t\t\t<\/div>\n\t\t\t\t\t\t<\/div>\n\t\t\t\t<div class=\"elementor-element elementor-element-b3e3df4 elementor-widget elementor-widget-icon-box\" data-id=\"b3e3df4\" data-element_type=\"widget\" data-widget_type=\"icon-box.default\">\n\t\t\t\t\t\t\t<div class=\"elementor-icon-box-wrapper\">\n\n\t\t\t\n\t\t\t\t\t\t<div class=\"elementor-icon-box-content\">\n\n\t\t\t\t\t\t\t\t\t<h3 class=\"elementor-icon-box-title\">\n\t\t\t\t\t\t<span  >\n\t\t\t\t\t\t\t1. Pr\u00e9ambule\t\t\t\t\t\t<\/span>\n\t\t\t\t\t<\/h3>\n\t\t\t\t\n\t\t\t\t\t\t\t\t\t<p class=\"elementor-icon-box-description\">\n\t\t\t\t\t\t&bull; La pr\u00e9sente politique de confidentialit\u00e9 a pour objectif d\u2019informer les utilisateurs du site Trail de la Fraise sur la mani\u00e8re dont leurs donn\u00e9es personnelles sont collect\u00e9es, trait\u00e9es et prot\u00e9g\u00e9es.\n<br>\n&bull; Elle s\u2019applique \u00e0 l\u2019ensemble des services propos\u00e9s par le Trail de la Fraise\t\t\t\t\t<\/p>\n\t\t\t\t\n\t\t\t<\/div>\n\t\t\t\n\t\t<\/div>\n\t\t\t\t\t\t<\/div>\n\t\t\t\t<div class=\"elementor-element elementor-element-762373e elementor-widget elementor-widget-icon-box\" data-id=\"762373e\" data-element_type=\"widget\" data-widget_type=\"icon-box.default\">\n\t\t\t\t\t\t\t<div class=\"elementor-icon-box-wrapper\">\n\n\t\t\t\n\t\t\t\t\t\t<div class=\"elementor-icon-box-content\">\n\n\t\t\t\t\t\t\t\t\t<h3 class=\"elementor-icon-box-title\">\n\t\t\t\t\t\t<span  >\n\t\t\t\t\t\t\t2. Responsable du traitement\t\t\t\t\t\t<\/span>\n\t\t\t\t\t<\/h3>\n\t\t\t\t\n\t\t\t\t\t\t\t\t\t<p class=\"elementor-icon-box-description\">\n\t\t\t\t\t\t&bull; Le responsable du traitement des donn\u00e9es personnelles est :\nTrail de la Fraise<br> \n&bull; Adresse : Lecelles\n<br>\n&bull; E-mail : traildelafraise@gmail.com\t\t\t\t\t<\/p>\n\t\t\t\t\n\t\t\t<\/div>\n\t\t\t\n\t\t<\/div>\n\t\t\t\t\t\t<\/div>\n\t\t\t\t<div class=\"elementor-element elementor-element-2a77144 elementor-widget elementor-widget-icon-box\" data-id=\"2a77144\" data-element_type=\"widget\" data-widget_type=\"icon-box.default\">\n\t\t\t\t\t\t\t<div class=\"elementor-icon-box-wrapper\">\n\n\t\t\t\n\t\t\t\t\t\t<div class=\"elementor-icon-box-content\">\n\n\t\t\t\t\t\t\t\t\t<h3 class=\"elementor-icon-box-title\">\n\t\t\t\t\t\t<span  >\n\t\t\t\t\t\t\t3. Donn\u00e9es collect\u00e9es\t\t\t\t\t\t<\/span>\n\t\t\t\t\t<\/h3>\n\t\t\t\t\n\t\t\t\t\t\t\t\t\t<p class=\"elementor-icon-box-description\">\n\t\t\t\t\t\tNous collectons uniquement les donn\u00e9es n\u00e9cessaires \u00e0 l\u2019organisation et au bon d\u00e9roulement du Trail de la Fraise.\n<br>\nCes donn\u00e9es peuvent inclure :\n<br>\n&bull; Informations d\u2019identification : nom, pr\u00e9nom, date de naissance\n<br>\n&bull;  Coordonn\u00e9es : adresse postale, e-mail, t\u00e9l\u00e9phone\n<br>\n&bull;  Informations li\u00e9es \u00e0 l\u2019inscription : certificat m\u00e9dical, num\u00e9ro de licence, choix de course\n<br>\n&bull; Donn\u00e9es de paiement (via un prestataire s\u00e9curis\u00e9, non stock\u00e9es par l\u2019organisateur)\n\nDonn\u00e9es de navigation (cookies, statistiques anonymis\u00e9es)\t\t\t\t\t<\/p>\n\t\t\t\t\n\t\t\t<\/div>\n\t\t\t\n\t\t<\/div>\n\t\t\t\t\t\t<\/div>\n\t\t\t\t<div class=\"elementor-element elementor-element-cfa06dd elementor-widget elementor-widget-icon-box\" data-id=\"cfa06dd\" data-element_type=\"widget\" data-widget_type=\"icon-box.default\">\n\t\t\t\t\t\t\t<div class=\"elementor-icon-box-wrapper\">\n\n\t\t\t\n\t\t\t\t\t\t<div class=\"elementor-icon-box-content\">\n\n\t\t\t\t\t\t\t\t\t<h3 class=\"elementor-icon-box-title\">\n\t\t\t\t\t\t<span  >\n\t\t\t\t\t\t\t4. Finalit\u00e9s du traitement\t\t\t\t\t\t<\/span>\n\t\t\t\t\t<\/h3>\n\t\t\t\t\n\t\t\t\t\t\t\t\t\t<p class=\"elementor-icon-box-description\">\n\t\t\t\t\t\tLes donn\u00e9es collect\u00e9es sont utilis\u00e9es pour :\n<br>\n&bull;  G\u00e9rer les inscriptions et la participation \u00e0 l\u2019\u00e9v\u00e9nement\n<br>\n&bull; Communiquer des informations pratiques avant, pendant et apr\u00e8s la course\n<br>\n&bull; Assurer la s\u00e9curit\u00e9 des participants\n<br>\n&bull; G\u00e9rer les r\u00e9sultats et classements\n<br>\n&bull; R\u00e9pondre aux demandes de contact\n<br>\n&bull; R\u00e9aliser des statistiques anonymis\u00e9es pour am\u00e9liorer l\u2019\u00e9v\u00e9nement\n<br>\n&bull; Aucune donn\u00e9e n\u2019est utilis\u00e9e \u00e0 des fins commerciales.\t\t\t\t\t<\/p>\n\t\t\t\t\n\t\t\t<\/div>\n\t\t\t\n\t\t<\/div>\n\t\t\t\t\t\t<\/div>\n\t\t\t\t<div class=\"elementor-element elementor-element-de6d129 elementor-widget elementor-widget-icon-box\" data-id=\"de6d129\" data-element_type=\"widget\" data-widget_type=\"icon-box.default\">\n\t\t\t\t\t\t\t<div class=\"elementor-icon-box-wrapper\">\n\n\t\t\t\n\t\t\t\t\t\t<div class=\"elementor-icon-box-content\">\n\n\t\t\t\t\t\t\t\t\t<h3 class=\"elementor-icon-box-title\">\n\t\t\t\t\t\t<span  >\n\t\t\t\t\t\t\t5. Base l\u00e9gale du traitement\t\t\t\t\t\t<\/span>\n\t\t\t\t\t<\/h3>\n\t\t\t\t\n\t\t\t\t\t\t\t\t\t<p class=\"elementor-icon-box-description\">\n\t\t\t\t\t\tLes traitements reposent sur :\n<br>\n&bull; L\u2019ex\u00e9cution du contrat (inscription \u00e0 la course)\n<br>\n&bull; Le respect d\u2019obligations l\u00e9gales (certificat m\u00e9dical, s\u00e9curit\u00e9)\n<br>\n&bull; Le consentement de l\u2019utilisateur (newsletter, cookies)\n<br>\n&bull; L\u2019int\u00e9r\u00eat l\u00e9gitime de l\u2019organisateur (am\u00e9lioration de l\u2019\u00e9v\u00e9nement)\t\t\t\t\t<\/p>\n\t\t\t\t\n\t\t\t<\/div>\n\t\t\t\n\t\t<\/div>\n\t\t\t\t\t\t<\/div>\n\t\t\t\t<div class=\"elementor-element elementor-element-c20466f elementor-widget elementor-widget-icon-box\" data-id=\"c20466f\" data-element_type=\"widget\" data-widget_type=\"icon-box.default\">\n\t\t\t\t\t\t\t<div class=\"elementor-icon-box-wrapper\">\n\n\t\t\t\n\t\t\t\t\t\t<div class=\"elementor-icon-box-content\">\n\n\t\t\t\t\t\t\t\t\t<h3 class=\"elementor-icon-box-title\">\n\t\t\t\t\t\t<span  >\n\t\t\t\t\t\t\t6. Destinataires des donn\u00e9es\t\t\t\t\t\t<\/span>\n\t\t\t\t\t<\/h3>\n\t\t\t\t\n\t\t\t\t\t\t\t\t\t<p class=\"elementor-icon-box-description\">\n\t\t\t\t\t\tLes donn\u00e9es peuvent \u00eatre transmises uniquement \u00e0 :\n<br>\n&bull; Les membres de l\u2019organisation\n<br>\n&bull; Les prestataires techniques (plateforme d\u2019inscription, chronom\u00e9trie)\n<br>\n&bull; Les autorit\u00e9s comp\u00e9tentes en cas d\u2019obligation l\u00e9gale\n<br>\n&bull; Aucune donn\u00e9e n\u2019est vendue ou c\u00e9d\u00e9e \u00e0 des tiers.\t\t\t\t\t<\/p>\n\t\t\t\t\n\t\t\t<\/div>\n\t\t\t\n\t\t<\/div>\n\t\t\t\t\t\t<\/div>\n\t\t\t\t<div class=\"elementor-element elementor-element-610b0a7 elementor-widget elementor-widget-icon-box\" data-id=\"610b0a7\" data-element_type=\"widget\" data-widget_type=\"icon-box.default\">\n\t\t\t\t\t\t\t<div class=\"elementor-icon-box-wrapper\">\n\n\t\t\t\n\t\t\t\t\t\t<div class=\"elementor-icon-box-content\">\n\n\t\t\t\t\t\t\t\t\t<h3 class=\"elementor-icon-box-title\">\n\t\t\t\t\t\t<span  >\n\t\t\t\t\t\t\t7. Dur\u00e9e de conservation\t\t\t\t\t\t<\/span>\n\t\t\t\t\t<\/h3>\n\t\t\t\t\n\t\t\t\t\t\t\t\t\t<p class=\"elementor-icon-box-description\">\n\t\t\t\t\t\tLes donn\u00e9es sont conserv\u00e9es uniquement le temps n\u00e9cessaire :\n<br>\n&bull; Donn\u00e9es d\u2019inscription : jusqu\u2019\u00e0 3 ans apr\u00e8s l\u2019\u00e9v\u00e9nement\n<br>\n&bull; Donn\u00e9es de facturation : 10 ans (obligation l\u00e9gale)\n<br>\n&bull; Cookies : dur\u00e9e variable selon leur nature (voir section d\u00e9di\u00e9e)\t\t\t\t\t<\/p>\n\t\t\t\t\n\t\t\t<\/div>\n\t\t\t\n\t\t<\/div>\n\t\t\t\t\t\t<\/div>\n\t\t\t\t<div class=\"elementor-element elementor-element-b92a09f elementor-widget elementor-widget-icon-box\" data-id=\"b92a09f\" data-element_type=\"widget\" data-widget_type=\"icon-box.default\">\n\t\t\t\t\t\t\t<div class=\"elementor-icon-box-wrapper\">\n\n\t\t\t\n\t\t\t\t\t\t<div class=\"elementor-icon-box-content\">\n\n\t\t\t\t\t\t\t\t\t<h3 class=\"elementor-icon-box-title\">\n\t\t\t\t\t\t<span  >\n\t\t\t\t\t\t\t8. Droits des utilisateurs\t\t\t\t\t\t<\/span>\n\t\t\t\t\t<\/h3>\n\t\t\t\t\n\t\t\t\t\t\t\t\t\t<p class=\"elementor-icon-box-description\">\n\t\t\t\t\t\tConform\u00e9ment au RGPD, vous disposez des droits suivants :\n<br>\n&bull; Droit d\u2019acc\u00e8s\n<br>\n&bull; Droit de rectification\n<br>\n&bull; Droit d\u2019opposition\n<br>\n&bull; Droit \u00e0 l\u2019effacement\n<br>\n&bull; Droit \u00e0 la limitation du traitement\n<br>\n&bull; Droit \u00e0 la portabilit\u00e9 des donn\u00e9es\n<br>\n&bull; Pour exercer vos droits, contactez : traildelafraise@gmail.com. Une r\u00e9ponse vous sera apport\u00e9e dans un d\u00e9lai maximal d\u2019un mois.\t\t\t\t\t<\/p>\n\t\t\t\t\n\t\t\t<\/div>\n\t\t\t\n\t\t<\/div>\n\t\t\t\t\t\t<\/div>\n\t\t\t\t<div class=\"elementor-element elementor-element-3035b3a elementor-widget elementor-widget-icon-box\" data-id=\"3035b3a\" data-element_type=\"widget\" data-widget_type=\"icon-box.default\">\n\t\t\t\t\t\t\t<div class=\"elementor-icon-box-wrapper\">\n\n\t\t\t\n\t\t\t\t\t\t<div class=\"elementor-icon-box-content\">\n\n\t\t\t\t\t\t\t\t\t<h3 class=\"elementor-icon-box-title\">\n\t\t\t\t\t\t<span  >\n\t\t\t\t\t\t\t9. Cookies\t\t\t\t\t\t<\/span>\n\t\t\t\t\t<\/h3>\n\t\t\t\t\n\t\t\t\t\t\t\t\t\t<p class=\"elementor-icon-box-description\">\n\t\t\t\t\t\tLe site peut utiliser diff\u00e9rents types de cookies :\n<br>\n&bull; Cookies techniques n\u00e9cessaires au fonctionnement du site\n<br>\n&bull; Cookies de mesure d\u2019audience (anonymis\u00e9s)\n<br>\n&bull; Cookies li\u00e9s aux r\u00e9seaux sociaux (si int\u00e9gration)\n<br>\n&bull; Vous pouvez g\u00e9rer ou d\u00e9sactiver les cookies via les param\u00e8tres de votre navigateur.\t\t\t\t\t<\/p>\n\t\t\t\t\n\t\t\t<\/div>\n\t\t\t\n\t\t<\/div>\n\t\t\t\t\t\t<\/div>\n\t\t\t\t<div class=\"elementor-element elementor-element-650b5ec elementor-widget elementor-widget-icon-box\" data-id=\"650b5ec\" data-element_type=\"widget\" data-widget_type=\"icon-box.default\">\n\t\t\t\t\t\t\t<div class=\"elementor-icon-box-wrapper\">\n\n\t\t\t\n\t\t\t\t\t\t<div class=\"elementor-icon-box-content\">\n\n\t\t\t\t\t\t\t\t\t<h3 class=\"elementor-icon-box-title\">\n\t\t\t\t\t\t<span  >\n\t\t\t\t\t\t\t10. S\u00e9curit\u00e9 des donn\u00e9es\t\t\t\t\t\t<\/span>\n\t\t\t\t\t<\/h3>\n\t\t\t\t\n\t\t\t\t\t\t\t\t\t<p class=\"elementor-icon-box-description\">\n\t\t\t\t\t\tNous mettons en \u0153uvre toutes les mesures techniques et organisationnelles n\u00e9cessaires pour prot\u00e9ger vos donn\u00e9es contre :\n<br>\n&bull; L\u2019acc\u00e8s non autoris\u00e9\n<br>\n&bull; La perte\n<br>\n&bull; La modification\n<br>\n&bull; La divulgation\t\t\t\t\t<\/p>\n\t\t\t\t\n\t\t\t<\/div>\n\t\t\t\n\t\t<\/div>\n\t\t\t\t\t\t<\/div>\n\t\t\t\t<div class=\"elementor-element elementor-element-7a32e8b elementor-widget elementor-widget-icon-box\" data-id=\"7a32e8b\" data-element_type=\"widget\" data-widget_type=\"icon-box.default\">\n\t\t\t\t\t\t\t<div class=\"elementor-icon-box-wrapper\">\n\n\t\t\t\n\t\t\t\t\t\t<div class=\"elementor-icon-box-content\">\n\n\t\t\t\t\t\t\t\t\t<h3 class=\"elementor-icon-box-title\">\n\t\t\t\t\t\t<span  >\n\t\t\t\t\t\t\t11. Transfert hors UE\t\t\t\t\t\t<\/span>\n\t\t\t\t\t<\/h3>\n\t\t\t\t\n\t\t\t\t\t\t\t\t\t<p class=\"elementor-icon-box-description\">\n\t\t\t\t\t\tAucun transfert de donn\u00e9es hors de l\u2019Union europ\u00e9enne n\u2019est effectu\u00e9 sans garanties conformes au RGPD.\t\t\t\t\t<\/p>\n\t\t\t\t\n\t\t\t<\/div>\n\t\t\t\n\t\t<\/div>\n\t\t\t\t\t\t<\/div>\n\t\t\t\t<div class=\"elementor-element elementor-element-5b8aed1 elementor-widget elementor-widget-icon-box\" data-id=\"5b8aed1\" data-element_type=\"widget\" data-widget_type=\"icon-box.default\">\n\t\t\t\t\t\t\t<div class=\"elementor-icon-box-wrapper\">\n\n\t\t\t\n\t\t\t\t\t\t<div class=\"elementor-icon-box-content\">\n\n\t\t\t\t\t\t\t\t\t<h3 class=\"elementor-icon-box-title\">\n\t\t\t\t\t\t<span  >\n\t\t\t\t\t\t\t12. Modification de la politique\t\t\t\t\t\t<\/span>\n\t\t\t\t\t<\/h3>\n\t\t\t\t\n\t\t\t\t\t\t\t\t\t<p class=\"elementor-icon-box-description\">\n\t\t\t\t\t\tLa pr\u00e9sente politique peut \u00eatre mise \u00e0 jour \u00e0 tout moment.\nLa date de derni\u00e8re mise \u00e0 jour est : 06-01-2026.\t\t\t\t\t<\/p>\n\t\t\t\t\n\t\t\t<\/div>\n\t\t\t\n\t\t<\/div>\n\t\t\t\t\t\t<\/div>\n\t\t\t\t\t<\/div>\n\t\t\t\t<\/div>\n\t\t<div class=\"elementor-element elementor-element-3a4c809 e-flex e-con-boxed e-con e-parent\" data-id=\"3a4c809\" data-element_type=\"container\" id=\"presentation\" data-settings=\"{&quot;background_background&quot;:&quot;classic&quot;}\">\n\t\t\t\t\t<div class=\"e-con-inner\">\n\t\t\t\t\t<\/div>\n\t\t\t\t<\/div>\n\t\t\t\t<\/div>\n\t\t","protected":false},"excerpt":{"rendered":"<p>Retour Politique de confidentialit\u00e9 \u2013 Trail de la Fraise 1. Pr\u00e9ambule &bull; La pr\u00e9sente politique de confidentialit\u00e9 a pour objectif d\u2019informer les utilisateurs du site Trail de la Fraise sur la mani\u00e8re dont leurs donn\u00e9es personnelles sont collect\u00e9es, trait\u00e9es et prot\u00e9g\u00e9es. &bull; Elle s\u2019applique \u00e0 l\u2019ensemble des services propos\u00e9s par le Trail de la Fraise [&hellip;]<\/p>\n","protected":false},"author":1,"featured_media":0,"parent":0,"menu_order":0,"comment_status":"closed","ping_status":"closed","template":"elementor_canvas","meta":{"site-sidebar-layout":"no-sidebar","site-content-layout":"page-builder","ast-site-content-layout":"default","site-content-style":"default","site-sidebar-style":"default","ast-global-header-display":"","ast-banner-title-visibility":"","ast-main-header-display":"","ast-hfb-above-header-display":"","ast-hfb-below-header-display":"","ast-hfb-mobile-header-display":"","site-post-title":"disabled","ast-breadcrumbs-content":"","ast-featured-img":"disabled","footer-sml-layout":"","ast-disable-related-posts":"","theme-transparent-header-meta":"","adv-header-id-meta":"","stick-header-meta":"","header-above-stick-meta":"","header-main-stick-meta":"","header-below-stick-meta":"","astra-migrate-meta-layouts":"default","ast-page-background-enabled":"default","ast-page-background-meta":{"desktop":{"background-color":"","background-image":"","background-repeat":"repeat","background-position":"center center","background-size":"auto","background-attachment":"scroll","background-type":"","background-media":"","overlay-type":"","overlay-color":"","overlay-opacity":"","overlay-gradient":""},"tablet":{"background-color":"","background-image":"","background-repeat":"repeat","background-position":"center center","background-size":"auto","background-attachment":"scroll","background-type":"","background-media":"","overlay-type":"","overlay-color":"","overlay-opacity":"","overlay-gradient":""},"mobile":{"background-color":"","background-image":"","background-repeat":"repeat","background-position":"center center","background-size":"auto","background-attachment":"scroll","background-type":"","background-media":"","overlay-type":"","overlay-color":"","overlay-opacity":"","overlay-gradient":""}},"ast-content-background-meta":{"desktop":{"background-color":"var(--ast-global-color-5)","background-image":"","background-repeat":"repeat","background-position":"center center","background-size":"auto","background-attachment":"scroll","background-type":"","background-media":"","overlay-type":"","overlay-color":"","overlay-opacity":"","overlay-gradient":""},"tablet":{"background-color":"var(--ast-global-color-5)","background-image":"","background-repeat":"repeat","background-position":"center center","background-size":"auto","background-attachment":"scroll","background-type":"","background-media":"","overlay-type":"","overlay-color":"","overlay-opacity":"","overlay-gradient":""},"mobile":{"background-color":"var(--ast-global-color-5)","background-image":"","background-repeat":"repeat","background-position":"center center","background-size":"auto","background-attachment":"scroll","background-type":"","background-media":"","overlay-type":"","overlay-color":"","overlay-opacity":"","overlay-gradient":""}},"footnotes":""},"class_list":["post-3511","page","type-page","status-publish","hentry"],"_links":{"self":[{"href":"https:\/\/traildelafraise.fr\/index.php\/wp-json\/wp\/v2\/pages\/3511","targetHints":{"allow":["GET"]}}],"collection":[{"href":"https:\/\/traildelafraise.fr\/index.php\/wp-json\/wp\/v2\/pages"}],"about":[{"href":"https:\/\/traildelafraise.fr\/index.php\/wp-json\/wp\/v2\/types\/page"}],"author":[{"embeddable":true,"href":"https:\/\/traildelafraise.fr\/index.php\/wp-json\/wp\/v2\/users\/1"}],"replies":[{"embeddable":true,"href":"https:\/\/traildelafraise.fr\/index.php\/wp-json\/wp\/v2\/comments?post=3511"}],"version-history":[{"count":9,"href":"https:\/\/traildelafraise.fr\/index.php\/wp-json\/wp\/v2\/pages\/3511\/revisions"}],"predecessor-version":[{"id":4054,"href":"https:\/\/traildelafraise.fr\/index.php\/wp-json\/wp\/v2\/pages\/3511\/revisions\/4054"}],"wp:attachment":[{"href":"https:\/\/traildelafraise.fr\/index.php\/wp-json\/wp\/v2\/media?parent=3511"}],"curies":[{"name":"wp","href":"https:\/\/api.w.org\/{rel}","templated":true}]}}